{"id":38,"date":"2021-09-04T16:21:17","date_gmt":"2021-09-04T16:21:17","guid":{"rendered":"https:\/\/www.dmi.unict.it\/wascom2021\/?page_id=38"},"modified":"2022-05-24T20:19:17","modified_gmt":"2022-05-24T18:19:17","slug":"invited-speakers","status":"publish","type":"page","link":"https:\/\/www.dmi.unict.it\/wascom2021\/index.php\/invited-speakers\/","title":{"rendered":"Invited Speakers"},"content":{"rendered":"\n<ul class=\"has-black-color has-text-color has-normal-font-size\"><li><strong>Marco Amabili<\/strong> McGill University (Canada)<\/li><li><strong>Takashi Arima<\/strong> Kanagawa University Yokohama (Japan)<\/li><li><strong>Antonio Barletta<\/strong> Universit\u00e0 di Bologna (Italy)<\/li><li><strong>Marzia Bisi<\/strong> Universit\u00e0 di Parma (Italy)<\/li><li><strong>Francesca Brini<\/strong> Universit\u00e0 di Bologna (Italy)<\/li><li><strong>Bruno Buonomo<\/strong> Universit\u00e0 degli studi di Napoli Federico II (Italy)<\/li><li><strong>Florinda Capone<\/strong> Universit\u00e0 degli studi di Napoli Federico II (Italy)<\/li><li><strong>Franco Cardin<\/strong> Universit\u00e0 di Padova (Italy)<\/li><li><strong>Alessandra Celletti<\/strong> Universit\u00e0 di Tor Vergata Roma (Italy)<\/li><li><strong>Giancarlo Consolo<\/strong> Universit\u00e0 di Messina (Italy)<\/li><li><strong>Costantine Dafermos<\/strong> Brown University (USA)<\/li><li><strong>Laurent Desvillettes<\/strong> Ecole Normale Sup\u00e9rieure de Cachan (France)<\/li><li><strong>Sergey Gavrilyuk<\/strong> Aix-Marseille Universit\u00e9 Marseille (France)<\/li><li><strong>Henri Gouin<\/strong> Aix-Marseille Universit\u00e9 Marseille (France)<\/li><li><strong>Antonio Greco <\/strong>Universit\u00e0 di Palermo (Italy)<\/li><li><strong>Maria Groppi<\/strong> Universit\u00e0 di Parma (Italy)<\/li><li><strong>Seung-Yeal Ha<\/strong> Seoul National University Seoul (South Korea)<\/li><li><strong>Song Jiang<\/strong> Institute of Applied Physics and Computational Mathematics in Beijing (China)<\/li><li><strong>Tai Ping Liu<\/strong> Stanford University (USA) and Academia Sinica (Taiwan)<\/li><li><strong>Xianning Liu<\/strong> Southwest University in Chongqing (China)<\/li><li><strong>Maria Carmela Lombardo<\/strong> Universit\u00e0 di Palermo (Italy)<\/li><li><strong>Natale Manganaro<\/strong> Universit\u00e0 di Messina (Italy)<\/li><li><strong>Andrea Mentrelli<\/strong> Universit\u00e0 di Bologna (Italy)<\/li><li><strong>Roberto Monaco<\/strong> Politecnico di Torino (Italy)<\/li><li><strong>Giuseppe Mulone<\/strong> Universit\u00e0 di Catania (Italy)<\/li><li><strong>Orazio Muscato<\/strong> Universit\u00e0 di Catania (Italy)<\/li><li><strong>Franco Oliveri<\/strong> Universit\u00e0 di Messina (Italy)<\/li><li><strong>Sebastiano Pennisi<\/strong> Universit\u00e0 di Cagliari (Italy)<\/li><li><strong>Andrew Rees<\/strong> Bath University (UK)<\/li><li><strong>Vittorio Romano<\/strong> Universit\u00e0 di Catania (Italy)<\/li><li><strong>Tommaso Ruggeri<\/strong> Universit\u00e0 di Bologna (Italy)<\/li><li><strong>Giuseppe Saccomandi<\/strong> Universit\u00e0 di Perugia (Italy)<\/li><li><strong>Marco Sammartino,<\/strong>Universit\u00e0 di Palermo (Italy)<\/li><li><strong>Giuseppe Toscani<\/strong> Universit\u00e0 di Pavia (Italy)<\/li><li><strong>Massimo Trovato<\/strong> Universit\u00e0 di Catania (Italy)<\/li><li><strong>Peter Vadasz<\/strong> Northern Arizona University (USA)<\/li><li><strong>Wendi Wang<\/strong> Southwest University in Chongqing (China)<\/li><\/ul>\n","protected":false},"excerpt":{"rendered":"<p>Marco Amabili McGill University (Canada) Takashi Arima Kanagawa University Yokohama (Japan) Antonio Barletta Universit\u00e0 di Bologna (Italy) Marzia Bisi Universit\u00e0 di Parma (Italy) Francesca Brini Universit\u00e0 di Bologna (Italy) Bruno Buonomo Universit\u00e0 degli studi di Napoli Federico II (Italy) Florinda Capone Universit\u00e0 degli studi di Napoli Federico II (Italy) Franco Cardin Universit\u00e0 di Padova (Italy) [&hellip;]<\/p>\n","protected":false},"author":1,"featured_media":0,"parent":0,"menu_order":0,"comment_status":"closed","ping_status":"closed","template":"","meta":[],"_links":{"self":[{"href":"https:\/\/www.dmi.unict.it\/wascom2021\/index.php\/wp-json\/wp\/v2\/pages\/38"}],"collection":[{"href":"https:\/\/www.dmi.unict.it\/wascom2021\/index.php\/wp-json\/wp\/v2\/pages"}],"about":[{"href":"https:\/\/www.dmi.unict.it\/wascom2021\/index.php\/wp-json\/wp\/v2\/types\/page"}],"author":[{"embeddable":true,"href":"https:\/\/www.dmi.unict.it\/wascom2021\/index.php\/wp-json\/wp\/v2\/users\/1"}],"replies":[{"embeddable":true,"href":"https:\/\/www.dmi.unict.it\/wascom2021\/index.php\/wp-json\/wp\/v2\/comments?post=38"}],"version-history":[{"count":26,"href":"https:\/\/www.dmi.unict.it\/wascom2021\/index.php\/wp-json\/wp\/v2\/pages\/38\/revisions"}],"predecessor-version":[{"id":733,"href":"https:\/\/www.dmi.unict.it\/wascom2021\/index.php\/wp-json\/wp\/v2\/pages\/38\/revisions\/733"}],"wp:attachment":[{"href":"https:\/\/www.dmi.unict.it\/wascom2021\/index.php\/wp-json\/wp\/v2\/media?parent=38"}],"curies":[{"name":"wp","href":"https:\/\/api.w.org\/{rel}","templated":true}]}}