{"id":713,"date":"2025-05-21T16:49:37","date_gmt":"2025-05-21T14:49:37","guid":{"rendered":"https:\/\/www.dmi.unict.it\/fois2025\/?page_id=713"},"modified":"2025-09-03T10:51:20","modified_gmt":"2025-09-03T08:51:20","slug":"fois-2025-accepted-papers","status":"publish","type":"page","link":"https:\/\/www.dmi.unict.it\/fois2025\/?page_id=713","title":{"rendered":"FOIS 2025 Accepted Papers"},"content":{"rendered":"\n<p class=\"has-medium-font-size\"><strong>FOIS 2025 Main Track<\/strong><\/p>\n\n\n\n<figure class=\"wp-block-table\"><table class=\"has-fixed-layout\"><tbody><tr><td><strong>Authors<\/strong><\/td><td><strong>Tit<mark style=\"background-color:rgba(0, 0, 0, 0);\" class=\"has-inline-color\">le<\/mark><\/strong><\/td><\/tr><tr><td>\u00cdtalo Oliveira, Stefano Maria Nicoletti, Gal Engelberg, Mattia Fumagalli, Dan Klein and Giancarlo Guizzardi<\/td><td>An ontological lens on attack trees: Toward adequacy and interoperability<\/td><\/tr><tr><td>Shathika Kularatne, Wolfgang Mayer, Matt Selway and Markus Stumptner<\/td><td>Meta-Property Constraints for Validating Perdurants<\/td><\/tr><tr><td>Meisam Booshehri, Hendrik Buschmeier and Philipp Cimiano<\/td><td>A BFO-Based Ontological Analysis of Entities in Social XAI<\/td><\/tr><tr><td>Fabian Neuhaus, Martin Glauer, Till Mossakowski, Lilly Gerlach and Colin Heidfeld<\/td><td>Semantic Dependency in&nbsp; Ontologies<\/td><\/tr><tr><td>Fumiaki Toyoshima, Adrien Barton and Damion Dooley<\/td><td>Two Ontological Approaches to Food Products<\/td><\/tr><tr><td>Torsten Hahmann, Katrina Schweikert, Shirly Stephen and David Kedrowski<\/td><td>ContaminOSO: Ontological Foundations and Key Design Choices for an Ontology for Environmental Contaminant Data<\/td><\/tr><tr><td>Riley Moher and Michael Gruninger<\/td><td>Process Representation Meets Operational Realization: An Architecture for Data-Driven Process Ontology Application Through Process Mining<\/td><\/tr><tr><td>Stefano Borgo and Guendalina Righetti<\/td><td>Towards Applied Constructional Ontology<\/td><\/tr><tr><td>Pawe\u0142 Garbacz<\/td><td>On relative ontological commitment<\/td><\/tr><tr><td>Guendalina Righetti<\/td><td>Concepts as Variable Embodiments<\/td><\/tr><tr><td>Adrien Barton, Paul Fabry and Jean-Francois Ethier<\/td><td>Charting Possible Worlds: The Quest for Meaning in Ontologies<\/td><\/tr><tr><td>Chun-Yien Chang, Yi-Ting Chen and Ying-Ping Chen<\/td><td>Reinvigorating Structured Knowledge and Ontologies for Trustworthy and Beneficial AI and Robotics<\/td><\/tr><tr><td>Guus Grievink, Lu\u00eds Ferreira Pires, Jo\u00e3o Moreira and Arend Rensink<\/td><td>Ontology-Driven Software Development: Generating Java Code from OntoUML models<\/td><\/tr><tr><td>Roberta Ferrario, Daniele Porello, Emanuele Bottazzi, Mattia Fumagalli and Ciro De Florio<\/td><td>Taming the Sea of Error: an Ontological Study of Biases in DOLCE<\/td><\/tr><tr><td>Dylan Abney, Kate Studzinski, Giacomo De Colle, Finn Wilson, Federico Donato and John Beverley<\/td><td>gistBFO: A BFO-Compatible Version of gist<\/td><\/tr><tr><td>Pierre Ardisson, Furkan Dikmen, Friederike Moltmann and Kalle M\u00fcller<\/td><td>The role of plans for qua-events and their effects on part-structure<\/td><\/tr><tr><td>Glenda&nbsp;Amaral, Manoel Cunha, Patr\u00edcio Silva and Jo\u00e3o Moreira<\/td><td>The Soberana Ontology: Modeling Business Ecosystems for International Data Spaces<\/td><\/tr><tr><td>Daniele Porello, Emilio M. Sanfilippo and Alessandro Mosca<\/td><td>Measuring Similarities of Literary Characters<\/td><\/tr><tr><td>Mirjam Stappel, Till Mossakowski, Fabian Neuhaus and Sarah Berendes<\/td><td>Modelling model uncertainties ontologically<\/td><\/tr><tr><td>Werner Ceusters and Alan Ruttenberg<\/td><td>Towards Representing Change in the BFO<\/td><\/tr><\/tbody><\/table><\/figure>\n\n\n\n<hr class=\"wp-block-separator has-alpha-channel-opacity\"\/>\n\n\n\n<p class=\"has-medium-font-size\"><strong>Ontology Show Case<\/strong><\/p>\n\n\n\n<figure class=\"wp-block-table\"><table class=\"has-fixed-layout\"><tbody><tr><td>A<strong>uthors<\/strong><\/td><td><strong>Title<\/strong><\/td><\/tr><tr><td>Lia Draetta, Nicola Barbaro, Francesco Petriglia, Andrea Meirone, Rossana Damiano and Cristina Gena<\/td><td>The Talkidz Ontology: Supporting Clinical Studies through Semantic Representation of the Speech Pathology Domain<\/td><\/tr><tr><td>Dilek Yargan and Ludger Jansen<\/td><td>Building a Biomimetics Core Ontology using OBO Foundry Principles<\/td><\/tr><tr><td>Nicola Sabatino, Daniele Porello and Raphael Zaccone<\/td><td>An Ontology to Classify Marine Encounters According to COLREG<\/td><\/tr><tr><td>Bahad\u0131r Akta\u015f, Lu\u00eds Ferreira Pires, Rodrigo Calhau and Adem Akb\u0131y\u0131k<\/td><td>Ontology-Driven Modelling of Personal data for Professional Social Media Platforms<\/td><\/tr><tr><td>David K. Kedrowski and Torsten Hahmann<\/td><td>EFive: An Ontology Design Pattern for Representing and Reasoning about Variation<\/td><\/tr><\/tbody><\/table><\/figure>\n\n\n\n<hr class=\"wp-block-separator has-alpha-channel-opacity\"\/>\n\n\n\n<p class=\"has-medium-font-size\"><strong>Early Career Symposium<\/strong><\/p>\n\n\n\n<figure class=\"wp-block-table\"><table class=\"has-fixed-layout\"><tbody><tr><td>A<strong>uthors<\/strong><\/td><td><strong>Title<\/strong><\/td><\/tr><tr><td>Elena Milivinti <\/td><td>The Interoperability Challenge in Waste Management: An Ontological Approach<\/td><\/tr><tr><td>Rachel Mavrovich<\/td><td>Operationalizing Ontologies in the Crime Domain<\/td><\/tr><tr><td>Marco Monti and Ruslan Idelfonso Magana Vsevolodovna<\/td><td>Transforming Hallucinations into Discovery: A Neurosymbolic Framework for Human-AI Collaborative Knowledge Evolution<\/td><\/tr><tr><td>Simon Fl\u00fcgel<\/td><td>Automatic Ontology Extension for the ChEBI Ontology<\/td><\/tr><tr><td>Lucas Vieira<\/td><td>Using ontologies for semantic control of AI-based reservoir geological modeling of deep-water channel systems<\/td><\/tr><tr><td>Katrina Schweikert<\/td><td>Leveraging Ontologies for Entity Subgraph Extraction<\/td><\/tr><\/tbody><\/table><\/figure>\n\n\n\n<hr class=\"wp-block-separator has-alpha-channel-opacity\"\/>\n\n\n\n<p class=\"has-medium-font-size\"><strong>Ontology Demonstration <\/strong><\/p>\n\n\n\n<p><\/p>\n\n\n\n<figure class=\"wp-block-table\"><table class=\"has-fixed-layout\"><tbody><tr><td>A<strong>uthors<\/strong><\/td><td><strong>Title<\/strong><\/td><\/tr><tr><td>Henriette Harmse, Haider Iqbal, Helen Parkinson and James McLaughlin<\/td><td>OxO2 &#8211; A SSSOM mapping browser for logically sound crosswalks<\/td><\/tr><tr><td>Bruno Szilagyi, Edelweis Rohrer and Regina Motz<\/td><td>OntoForms: Automated Ontology-Driven Form Generation with Description Logic Reasoning<\/td><\/tr><tr><td>Gonzalo Nicol\u00e1s Mart\u00ednez, Francisco Abad-Navarro, Manuel Quesada-Mart\u00ednez, Astrid Duque, Bel\u00e9n Juanes Cort\u00e9s and Jesualdo Tom\u00e1s Fern\u00e1ndez-Breis<\/td><td>Assessing ontology quality with QASAR<\/td><\/tr><\/tbody><\/table><\/figure>\n\n\n\n<hr class=\"wp-block-separator has-alpha-channel-opacity\"\/>\n\n\n\n<p class=\"has-medium-font-size\"><\/p>\n\n\n\n<h2 class=\"wp-block-heading\">FOIS 2025 Proceedings<\/h2>\n\n\n\n<p>Proceedings of FOIS 2025 are available online with Open Access: <a href=\"https:\/\/dx.doi.org\/10.3233\/FAIA409\">https:\/\/dx.doi.org\/10.3233\/FAIA409<\/a><\/p>\n\n\n\n<p><\/p>\n","protected":false},"excerpt":{"rendered":"<p>FOIS 2025 Main Track Authors Title \u00cdtalo Oliveira, Stefano Maria Nicoletti, Gal Engelberg, Mattia Fumagalli, Dan Klein and Giancarlo Guizzardi [&hellip;]<\/p>\n","protected":false},"author":1,"featured_media":0,"parent":0,"menu_order":0,"comment_status":"closed","ping_status":"closed","template":"","meta":{"site-sidebar-layout":"default","site-content-layout":"","ast-site-content-layout":"","site-content-style":"default","site-sidebar-style":"default","ast-global-header-display":"","ast-banner-title-visibility":"","ast-main-header-display":"","ast-hfb-above-header-display":"","ast-hfb-below-header-display":"","ast-hfb-mobile-header-display":"","site-post-title":"","ast-breadcrumbs-content":"","ast-featured-img":"","footer-sml-layout":"","theme-transparent-header-meta":"","adv-header-id-meta":"","stick-header-meta":"","header-above-stick-meta":"","header-main-stick-meta":"","header-below-stick-meta":"","astra-migrate-meta-layouts":"default","ast-page-background-enabled":"default","ast-page-background-meta":{"desktop":{"background-color":"var(--ast-global-color-4)","background-image":"","background-repeat":"repeat","background-position":"center center","background-size":"auto","background-attachment":"scroll","background-type":"","background-media":"","overlay-type":"","overlay-color":"","overlay-opacity":"","overlay-gradient":""},"tablet":{"background-color":"","background-image":"","background-repeat":"repeat","background-position":"center center","background-size":"auto","background-attachment":"scroll","background-type":"","background-media":"","overlay-type":"","overlay-color":"","overlay-opacity":"","overlay-gradient":""},"mobile":{"background-color":"","background-image":"","background-repeat":"repeat","background-position":"center center","background-size":"auto","background-attachment":"scroll","background-type":"","background-media":"","overlay-type":"","overlay-color":"","overlay-opacity":"","overlay-gradient":""}},"ast-content-background-meta":{"desktop":{"background-color":"var(--ast-global-color-5)","background-image":"","background-repeat":"repeat","background-position":"center center","background-size":"auto","background-attachment":"scroll","background-type":"","background-media":"","overlay-type":"","overlay-color":"","overlay-opacity":"","overlay-gradient":""},"tablet":{"background-color":"var(--ast-global-color-5)","background-image":"","background-repeat":"repeat","background-position":"center center","background-size":"auto","background-attachment":"scroll","background-type":"","background-media":"","overlay-type":"","overlay-color":"","overlay-opacity":"","overlay-gradient":""},"mobile":{"background-color":"var(--ast-global-color-5)","background-image":"","background-repeat":"repeat","background-position":"center center","background-size":"auto","background-attachment":"scroll","background-type":"","background-media":"","overlay-type":"","overlay-color":"","overlay-opacity":"","overlay-gradient":""}},"footnotes":""},"class_list":["post-713","page","type-page","status-publish","hentry"],"_links":{"self":[{"href":"https:\/\/www.dmi.unict.it\/fois2025\/index.php?rest_route=\/wp\/v2\/pages\/713"}],"collection":[{"href":"https:\/\/www.dmi.unict.it\/fois2025\/index.php?rest_route=\/wp\/v2\/pages"}],"about":[{"href":"https:\/\/www.dmi.unict.it\/fois2025\/index.php?rest_route=\/wp\/v2\/types\/page"}],"author":[{"embeddable":true,"href":"https:\/\/www.dmi.unict.it\/fois2025\/index.php?rest_route=\/wp\/v2\/users\/1"}],"replies":[{"embeddable":true,"href":"https:\/\/www.dmi.unict.it\/fois2025\/index.php?rest_route=%2Fwp%2Fv2%2Fcomments&post=713"}],"version-history":[{"count":17,"href":"https:\/\/www.dmi.unict.it\/fois2025\/index.php?rest_route=\/wp\/v2\/pages\/713\/revisions"}],"predecessor-version":[{"id":1136,"href":"https:\/\/www.dmi.unict.it\/fois2025\/index.php?rest_route=\/wp\/v2\/pages\/713\/revisions\/1136"}],"wp:attachment":[{"href":"https:\/\/www.dmi.unict.it\/fois2025\/index.php?rest_route=%2Fwp%2Fv2%2Fmedia&parent=713"}],"curies":[{"name":"wp","href":"https:\/\/api.w.org\/{rel}","templated":true}]}}