{"id":437,"date":"2025-01-08T12:01:33","date_gmt":"2025-01-08T11:01:33","guid":{"rendered":"https:\/\/www.dmi.unict.it\/fois2025\/?page_id=437"},"modified":"2025-01-08T12:12:15","modified_gmt":"2025-01-08T11:12:15","slug":"tutorials","status":"publish","type":"page","link":"https:\/\/www.dmi.unict.it\/fois2025\/?page_id=437","title":{"rendered":"Call for Tutorials"},"content":{"rendered":"\n<p>The Tutorial Chairs for FOIS 2025 invite proposals for tutorials to be held on-site in conjunction with FOIS 2025, during the week of the\u00a0main conference which will take place 08-12 September 2025 in Catania,\u00a0Italy.bbFOIS 2025 seeks original and highly relevant proposals for tutorialsbto complement the conference program. The tutorial program will\u00a0address the diverse interests of its audience: ontologies, formalbontology, and knowledge management and their application in information science or other areas. Moreover, tutorials can be an\u00a0excellent opportunity to cover basic or advanced topics related to ontology research, ranging from cognitive science to knowledge\u00a0representation, natural language processing, artificial intelligence,\u00a0logic, philosophy, and linguistics as well as well-established or emerging research areas, techniques, methodologies and perspectives\u00a0related to the ontology field. In 2025, we are looking for individuals and teams of presenters who\u00a0would like to offer a tutorial specifically designed as a basic or an\u00a0advanced description of a topic, or as a showcase of relevant techniques. We privilege diversity in the organizing team as well as\u00a0the presence of young researchers and PhD students. Moreover, up to 1\u00a0instructor per tutorial can have their registration fees waived for the tutorials as well as for JOWO 2025, the Joint Ontology Workshops\u00a0which are co-located with FOIS 2025.<\/p>\n\n\n\n<h2 class=\"wp-block-heading\">Format<\/h2>\n\n\n\n<p>Tutorials are intended to be highly interactive, and educational, and&nbsp;should actively engage the audience to participate in the discussion.<br>We accept short and long tutorials, which are expected to last 1h30&nbsp;and 3h respectively.<\/p>\n\n\n\n<h2 class=\"wp-block-heading\">Submission instructions<\/h2>\n\n\n\n<p>Proposals should be no more than 2 pages in length, and must contain&nbsp;the following information:<br>&#8211; title;<br>&#8211; names and affiliations of the presenters;<br>&#8211; a brief CV of the presenters, including their experience in tutorial&nbsp;organization;\u2028Please indicate a primary contact person.<br>&#8211; description of the topic (max 1 page);<br>&#8211; brief description of the expected audience.\u2028Please give an estimate&nbsp;of the expected number of participants and their background and&nbsp;interests; if applicable, please relate this to participation in&nbsp;similar prior events;<br>&#8211; 200-word abstract highlighting why the tutorial is attractive to&nbsp;FOIS 2025 participants \u2013 Why is it novel? What are key learning&nbsp;outcomes?<\/p>\n\n\n\n<p>Proposals should be submitted via EasyChair by 28 February 2025 as a&nbsp;single PDF file. A notification regarding your submission will be&nbsp;received on 14 March 2025.<\/p>\n\n\n\n<h2 class=\"wp-block-heading\">Evaluation criteria<\/h2>\n\n\n\n<p>The decision on acceptance or rejection of tutorial proposals will be made on the basis of the overall quality of the proposal and its&nbsp;appeal to a reasonable fraction of the FOIS community. In particular, tutorials should satisfy each of the following criteria:<br>&#8211; The research topic falls in the general scope of the conference.<br>&#8211; There is a clear focus on a specific technology, problem or application.<br>&#8211; There is an anticipation of a sufficiently large community&nbsp;interested in the topic.<br>&#8211; There is a concrete plan for the tutorial format.<br>&#8211; The presenters have reasonable experience in providing engaging lectures.<br>&#8211; The material for the tutorial is made available to the FOIS 2025&nbsp;community before the tutorial date.<\/p>\n\n\n\n<h2 class=\"wp-block-heading\">Important dates<\/h2>\n\n\n\n<p>Submission deadline: 28 February 2025<br>Notification: 15 March 2025<\/p>\n\n\n\n<p>Tutorials take place on-site in conjunction with FOIS 2025 in Catania,&nbsp;Italy (08-09 September 2025)<\/p>\n\n\n\n<h2 class=\"wp-block-heading\">Terms and conditions<\/h2>\n\n\n\n<p>The presenters\/instructors of accepted tutorials are expected to:<br>&#8211; participate in the tutorial in person;<br>&#8211; have an active role in the tutorial;<br>&#8211; submit the material for attendees (slide sets, additional teaching material, software installation, question answering, and usage guides for practical hands-on sessions, e.g., Jupyter Notebooks.) to the&nbsp;Tutorial Chairs and make it available on the FOIS 2025 website at&nbsp;least one week prior to the date of the tutorial.<\/p>\n\n\n\n<h2 class=\"wp-block-heading\">Tutorial chairs<\/h2>\n\n\n\n<p>Luc\u00eda G\u00f3mez \u00c1lvarez, University Grenoble Alpes, Inria, CNRS, Grenoble\u00a0INPG, France<br>Gilles Kassel, Jules Verne University of Picardie, France<\/p>\n\n\n\n<p><\/p>\n","protected":false},"excerpt":{"rendered":"<p>The Tutorial Chairs for FOIS 2025 invite proposals for tutorials to be held on-site in conjunction with FOIS 2025, during [&hellip;]<\/p>\n","protected":false},"author":1,"featured_media":0,"parent":0,"menu_order":0,"comment_status":"closed","ping_status":"closed","template":"","meta":{"site-sidebar-layout":"default","site-content-layout":"","ast-site-content-layout":"","site-content-style":"default","site-sidebar-style":"default","ast-global-header-display":"","ast-banner-title-visibility":"","ast-main-header-display":"","ast-hfb-above-header-display":"","ast-hfb-below-header-display":"","ast-hfb-mobile-header-display":"","site-post-title":"","ast-breadcrumbs-content":"","ast-featured-img":"","footer-sml-layout":"","theme-transparent-header-meta":"","adv-header-id-meta":"","stick-header-meta":"","header-above-stick-meta":"","header-main-stick-meta":"","header-below-stick-meta":"","astra-migrate-meta-layouts":"default","ast-page-background-enabled":"default","ast-page-background-meta":{"desktop":{"background-color":"var(--ast-global-color-4)","background-image":"","background-repeat":"repeat","background-position":"center center","background-size":"auto","background-attachment":"scroll","background-type":"","background-media":"","overlay-type":"","overlay-color":"","overlay-opacity":"","overlay-gradient":""},"tablet":{"background-color":"","background-image":"","background-repeat":"repeat","background-position":"center center","background-size":"auto","background-attachment":"scroll","background-type":"","background-media":"","overlay-type":"","overlay-color":"","overlay-opacity":"","overlay-gradient":""},"mobile":{"background-color":"","background-image":"","background-repeat":"repeat","background-position":"center center","background-size":"auto","background-attachment":"scroll","background-type":"","background-media":"","overlay-type":"","overlay-color":"","overlay-opacity":"","overlay-gradient":""}},"ast-content-background-meta":{"desktop":{"background-color":"var(--ast-global-color-5)","background-image":"","background-repeat":"repeat","background-position":"center center","background-size":"auto","background-attachment":"scroll","background-type":"","background-media":"","overlay-type":"","overlay-color":"","overlay-opacity":"","overlay-gradient":""},"tablet":{"background-color":"var(--ast-global-color-5)","background-image":"","background-repeat":"repeat","background-position":"center center","background-size":"auto","background-attachment":"scroll","background-type":"","background-media":"","overlay-type":"","overlay-color":"","overlay-opacity":"","overlay-gradient":""},"mobile":{"background-color":"var(--ast-global-color-5)","background-image":"","background-repeat":"repeat","background-position":"center center","background-size":"auto","background-attachment":"scroll","background-type":"","background-media":"","overlay-type":"","overlay-color":"","overlay-opacity":"","overlay-gradient":""}},"footnotes":""},"class_list":["post-437","page","type-page","status-publish","hentry"],"_links":{"self":[{"href":"https:\/\/www.dmi.unict.it\/fois2025\/index.php?rest_route=\/wp\/v2\/pages\/437"}],"collection":[{"href":"https:\/\/www.dmi.unict.it\/fois2025\/index.php?rest_route=\/wp\/v2\/pages"}],"about":[{"href":"https:\/\/www.dmi.unict.it\/fois2025\/index.php?rest_route=\/wp\/v2\/types\/page"}],"author":[{"embeddable":true,"href":"https:\/\/www.dmi.unict.it\/fois2025\/index.php?rest_route=\/wp\/v2\/users\/1"}],"replies":[{"embeddable":true,"href":"https:\/\/www.dmi.unict.it\/fois2025\/index.php?rest_route=%2Fwp%2Fv2%2Fcomments&post=437"}],"version-history":[{"count":4,"href":"https:\/\/www.dmi.unict.it\/fois2025\/index.php?rest_route=\/wp\/v2\/pages\/437\/revisions"}],"predecessor-version":[{"id":444,"href":"https:\/\/www.dmi.unict.it\/fois2025\/index.php?rest_route=\/wp\/v2\/pages\/437\/revisions\/444"}],"wp:attachment":[{"href":"https:\/\/www.dmi.unict.it\/fois2025\/index.php?rest_route=%2Fwp%2Fv2%2Fmedia&parent=437"}],"curies":[{"name":"wp","href":"https:\/\/api.w.org\/{rel}","templated":true}]}}