{"id":32,"date":"2024-09-04T20:21:13","date_gmt":"2024-09-04T18:21:13","guid":{"rendered":"https:\/\/www.dmi.unict.it\/FOIS2025\/?page_id=32"},"modified":"2025-09-16T12:20:10","modified_gmt":"2025-09-16T10:20:10","slug":"organisation","status":"publish","type":"page","link":"https:\/\/www.dmi.unict.it\/fois2025\/?page_id=32","title":{"rendered":"Organisation"},"content":{"rendered":"\n<h4 class=\"wp-block-heading\"><strong>General Chair<\/strong><\/h4>\n\n\n\n<ul class=\"wp-block-list\">\n<li>Maria Keet, University of Cape Town, South Africa<\/li>\n<\/ul>\n\n\n\n<h4 class=\"wp-block-heading\"><strong>Program Chair<\/strong><\/h4>\n\n\n\n<ul class=\"wp-block-list\">\n<li>Claudio Masolo, Consiglio Nazionale delle Ricerche ISTC, Italy<\/li>\n\n\n\n<li>Tiago Prince Sales, University of Twente, Netherlands<\/li>\n<\/ul>\n\n\n\n<h4 class=\"wp-block-heading\"><strong>Local Chair<\/strong><\/h4>\n\n\n\n<ul class=\"wp-block-list\">\n<li>Emilio Sanfilippo, Consiglio Nazionale delle Ricerche ISTC, Italy<\/li>\n\n\n\n<li>Marianna Nicolosi Asmundo, University of Catania, Italy<\/li>\n\n\n\n<li>Daniele Francesco Santamaria, University of Catania, Italy<\/li>\n\n\n\n<li>Marco Mazzone, University of Catania, Italy<\/li>\n<\/ul>\n\n\n\n<h4 class=\"wp-block-heading\"><strong>JOWO Chair<\/strong><\/h4>\n\n\n\n<ul class=\"wp-block-list\">\n<li>John Beverley, SUNY buffalo, United States of America<\/li>\n\n\n\n<li>Patrick Lambrix, Link\u00f6ping University, Sweden<\/li>\n<\/ul>\n\n\n\n<h4 class=\"wp-block-heading\"><strong>Online Chair<\/strong><\/h4>\n\n\n\n<ul class=\"wp-block-list\">\n<li>Chris Partridge, University of Westminster, United Kingdom<\/li>\n<\/ul>\n\n\n\n<h4 class=\"wp-block-heading\"><strong>Fair Chair<\/strong><\/h4>\n\n\n\n<ul class=\"wp-block-list\">\n<li>Luiz Olavo B. da Silva Santos University of Twente Netherlands<\/li>\n\n\n\n<li>Claudenir M. Fonseca University of Twente Netherlands<\/li>\n<\/ul>\n\n\n\n<h4 class=\"wp-block-heading\"><strong>Ontology Showcase Chair<\/strong><\/h4>\n\n\n\n<ul class=\"wp-block-list\">\n<li>Veruska Zamborlini, Federal University of Esp\u00edrito Santo, Brazil<\/li>\n\n\n\n<li>Asiyah Lin, OntoData Research and Solutions, LLC, United States of America<\/li>\n<\/ul>\n\n\n\n<p><\/p>\n\n\n\n<h4 class=\"wp-block-heading\"><strong>Poster &amp; Demonstration Chair<\/strong><\/h4>\n\n\n\n<ul class=\"wp-block-list\">\n<li>Daniel Garijo, Univesidad Politecnica de Madrid, Spain<\/li>\n\n\n\n<li>Henriette Harmse, EMBL-EBI, United Kingdom<\/li>\n<\/ul>\n\n\n\n<h4 class=\"wp-block-heading\"><strong>Early Career Symposium Chair<\/strong><\/h4>\n\n\n\n<ul class=\"wp-block-list\">\n<li>Greta Adamo, Free University of Bozen-Bolzano, Italy<\/li>\n\n\n\n<li>Pawel Garbacz, Catholic University of Lublin, Poland<\/li>\n<\/ul>\n\n\n\n<h4 class=\"wp-block-heading\"><strong>Industry Chair<\/strong><\/h4>\n\n\n\n<ul class=\"wp-block-list\">\n<li>Alexander Garcia-Castro from Siemens Energy, Germany<\/li>\n\n\n\n<li>Mike Bennet, Object Management Group, United Kingdom<\/li>\n<\/ul>\n\n\n\n<h4 class=\"wp-block-heading\"><strong>Tutorial Chair<\/strong><\/h4>\n\n\n\n<ul class=\"wp-block-list\">\n<li>Luc\u00eda G\u00f3mez \u00c1lvarez, INRIA Grenoble, France<\/li>\n\n\n\n<li>Gilles Kassel, University of Picardie, France<\/li>\n<\/ul>\n\n\n\n<h4 class=\"wp-block-heading\"><strong>Publicity Chair<\/strong><\/h4>\n\n\n\n<ul class=\"wp-block-list\">\n<li>Cesar Bernabe, Leiden UMC, Netherlands<\/li>\n\n\n\n<li> Eric Top, Utrecht University, Netherlands<\/li>\n<\/ul>\n\n\n\n<h4 class=\"wp-block-heading\"><strong>Proceedings chair (JOWO)\t<\/strong><\/h4>\n\n\n\n<ul class=\"wp-block-list\">\n<li>Sanju Tiwari, Sharda University, Greater Noida, UP, India<\/li>\n<\/ul>\n\n\n\n<h4 class=\"wp-block-heading\"><strong>Journal First Track<\/strong><\/h4>\n\n\n\n<ul class=\"wp-block-list\">\n<li>Oliver Kutz, Free University of Bozen-Bolzano, Italy<\/li>\n<\/ul>\n\n\n\n<h4 class=\"wp-block-heading\"><strong>Web Site\t<\/strong><\/h4>\n\n\n\n<ul class=\"wp-block-list\">\n<li>Daniele Francesco Santamaria, University of Catania, Italy<\/li>\n<\/ul>\n\n\n\n<p><\/p>\n\n\n\n<h4 class=\"wp-block-heading\"><strong>Senior Program Commitee\t<\/strong><\/h4>\n\n\n\n<ul class=\"wp-block-list\">\n<li>Pawe\u0142 Garbacz, The John Paul II Catholic University of Lublin<\/li>\n\n\n\n<li>Nathalie Aussenac-Gilles, Institut de Recherche en Informatique de Toulouse, CNRS<\/li>\n\n\n\n<li>Ludger Jansen, University of Rostock<\/li>\n\n\n\n<li>Stefano Borgo, ISTC-CNR<\/li>\n\n\n\n<li>John Bateman, University of Bremen<\/li>\n\n\n\n<li>Jo\u00e3o Paulo Almeida, Federal University of Esp\u00edrito Santo<\/li>\n\n\n\n<li>Nicola Guarino, ISTC-CNR<\/li>\n\n\n\n<li>Riichiro Mizoguchi, Japan Advanced Institute of Science and Technology<\/li>\n\n\n\n<li>Fabian Neuhaus, University of Magdeburg<\/li>\n\n\n\n<li>Laure Vieu, Institut de Recherche en Informatique de Toulouse &#8211; CNRS<\/li>\n\n\n\n<li>Michael Gruninger, University of Toronto<\/li>\n\n\n\n<li>Cassia Trojahn, UT2J &amp; IRIT<\/li>\n\n\n\n<li>Oscar Corcho, Universidad Polit\u00e9cnica de Madrid<\/li>\n\n\n\n<li>Roberta Ferrario, ISTC-CNR<\/li>\n\n\n\n<li>Daniele Porello, University of Genova<\/li>\n\n\n\n<li>Giancarlo Guizzardi, University of Twente, The Netherlands<\/li>\n\n\n\n<li>J\u00e9r\u00f4me Euzenat, INRIA &amp; Univ. Grenoble Alpes<\/li>\n\n\n\n<li>Oliver Kutz, KRDB Research Centre for Knowledge and Data, Free University of Bozen-Bolzano<\/li>\n\n\n\n<li>Barry Smith, SUNY Buffalo<\/li>\n\n\n\n<li>C. Maria Keet, University of Cape Town, South Africa<\/li>\n\n\n\n<li>Stefan Schulz, Medical University of Graz<\/li>\n<\/ul>\n\n\n\n<h4 class=\"wp-block-heading\"><strong>Program Commitee\t<\/strong><\/h4>\n\n\n\n<ul class=\"wp-block-list\">\n<li>Emilio M. Sanfilippo, ISTC-CNR Laboratory for Applied Ontology<\/li>\n\n\n\n<li>Rob Lemmens, ITC<\/li>\n\n\n\n<li>John Beverley, Northwestern<\/li>\n\n\n\n<li>Adrien Barton, IRIT, CNRS<\/li>\n\n\n\n<li>Fumiaki Toyoshima, University of Neuch\u00e2tel, Switzerland<\/li>\n\n\n\n<li>Cogan Shimizu, Wright State University<\/li>\n\n\n\n<li>Walter Terkaj, CNR-STIIMA<\/li>\n\n\n\n<li>Bart Gajderowicz, University of Toronto<\/li>\n\n\n\n<li>\u00cdtalo Oliveira, University of Twente<\/li>\n\n\n\n<li>Henriette Harmse, EMBL-EBI<\/li>\n\n\n\n<li>Haythem Ismail, Department of Engineering Mathematics, Cairo University and Department of Computer Science, German University in Cairo<\/li>\n\n\n\n<li>Maria M. Hedblom, J\u00f6nk\u00f6ping University<\/li>\n\n\n\n<li>Frank Loebe, University of Leipzig<\/li>\n\n\n\n<li>Cornelis Bouter, TNO<\/li>\n\n\n\n<li>Mirna El Ghosh, INSERM<\/li>\n\n\n\n<li>Gilles Kassel, University of Picardie Jules Verne<\/li>\n\n\n\n<li>Riccardo Baratella, University of Genoa<\/li>\n\n\n\n<li>Mike Bennett, Hypercube<\/li>\n\n\n\n<li>Veruska Zamborlini, Federal University of Espirito Santo<\/li>\n\n\n\n<li>Laura Daniele, TNO<\/li>\n\n\n\n<li>Miroslav Vacura, Prague University of Economics and Business<\/li>\n\n\n\n<li>Greta Adamo, Universitat Polit\u00e8cnica de Val\u00e8ncia<\/li>\n\n\n\n<li>Mattia Fumagalli, University of Bozen-Bolzano<\/li>\n\n\n\n<li>Vojt\u011bch Sv\u00e1tek, University of Economics, Prague<\/li>\n\n\n\n<li>Daniele Francesco Santamaria, Department of Mathematics and Computer Science, University of Catania<\/li>\n\n\n\n<li>Jesualdo Tom\u00e1s Fern\u00e1ndez-Breis, Departamento de Informatica y Sistemas. Universidad de Murcia<\/li>\n\n\n\n<li>Alessandro Mosca, Institute for Cognitive Sciences and Technologies (ISTC-CNR)<\/li>\n\n\n\n<li>Catherine Roussey, INRAE<\/li>\n\n\n\n<li>Marianna Nicolosi-Asmundo, University of Catania, Department of Mathematics and Computer Science<\/li>\n\n\n\n<li>Guendalina Righetti, University of Oslo<\/li>\n\n\n\n<li>Markus Stumptner, University of South Australia<\/li>\n\n\n\n<li>Chris Partridge, University of Westminster, BORO Solutions<\/li>\n\n\n\n<li>Luc\u00eda G\u00f3mez \u00c1lvarez, Inria<\/li>\n\n\n\n<li>Sergio de Cesare, University of Westminster<\/li>\n\n\n\n<li>Claudenir M. Fonseca, University of Twente<\/li>\n\n\n\n<li>Fabr\u00edcio H. Rodrigues, Universidade Federal do Rio Grande do Sul<\/li>\n\n\n\n<li>Aldo Gangemi, Universit\u00e0 di Bologna &amp; CNR-ISTC<\/li>\n\n\n\n<li>Mara Abel, Universidade Federal do Rio Grande do Sul<\/li>\n\n\n\n<li>Julio Cesar Nardi, Federal Institute of Esp\u00edrito Santo<\/li>\n\n\n\n<li>Kenneth Baclawski, Northeastern University<\/li>\n\n\n\n<li>Vinay Chaudhri, none<\/li>\n\n\n\n<li>Pedro Paulo F. Barcelos, University of Twente<\/li>\n\n\n\n<li>Boyan Brodaric, Geological Survey of Canada<\/li>\n\n\n\n<li>Gaurav Sinha, Department of Geography, Ohio University<\/li>\n\n\n\n<li>Torsten Hahmann, University of Maine<\/li>\n\n\n\n<li>Richard Dapoigny, LISTIC\/Polytech&#8217;Savoie<\/li>\n\n\n\n<li>Christoph Lange, Fraunhofer Institute for Applied Information Technology FIT and RWTH Aachen University, Germany<\/li>\n\n\n\n<li>Glenda Amaral, University of Twente<\/li>\n\n\n\n<li>Robert Pergl, Czech Technical University in Prague, Faculty of Information Technology<\/li>\n\n\n\n<li>Mathieu D&#8217;Aquin, LORIA, University of Lorraine, France<\/li>\n\n\n\n<li>Simon Scheider, University Utrecht, Department of Human Geography and Spatial Planning<\/li>\n\n\n\n<li>Oscar Pastor, Universidad Polit\u00e9cnica de Valencia<\/li>\n\n\n\n<li>Sandro Rama Fiorini, IBM<\/li>\n\n\n\n<li>Jo\u00e3o Moreira, University of Twente<\/li>\n\n\n\n<li>Massimiliano Carrara, University of Padua<\/li>\n\n\n\n<li>Max Petrenko, Amazon<\/li>\n\n\n\n<li>Clement Jonquet, MISTEA (INRAE) and LIRMM (U. Montpellier)<\/li>\n\n\n\n<li>Maria Das Gra\u00e7as Da Silva Teixeira, Federal University of Esp\u00edrito Santo<\/li>\n\n\n\n<li>Jim Logan, Dassault Syst\u00e8mes<\/li>\n\n\n\n<li>Alan Ruttenberg, University at Buffalo<\/li>\n\n\n\n<li>Hans Weigand, Tilburg University<\/li>\n\n\n\n<li>Xiaogang Ma, University of Idaho<\/li>\n\n\n\n<li>Nicolas Troquard, Gran Sasso Science Institute<\/li>\n\n\n\n<li>Enrico Daga, The Open University<\/li>\n\n\n\n<li>Leo Obrst, MITRE (retired)<\/li>\n\n\n\n<li>Till Mossakowski, University of Magdeburg<\/li>\n\n\n\n<li>Guido Vetere, Universit\u00e0 Guglielmo Marconi<\/li>\n\n\n\n<li>Marco Schorlemmer, Artificial Intelligence Research Institute (IIIA), CSIC<\/li>\n\n\n\n<li>Mar\u00eda Poveda-Villal\u00f3n, Universidad Polit\u00e9cnica de Madrid<\/li>\n\n\n\n<li>Luiz Olavo Bonino Da Silva Santos, University of Twente<\/li>\n\n\n\n<li>Stefano De Giorgis, Institute for Cognitive Sciences and Technologies &#8211; National Research Council (ISTC-CNR)<\/li>\n\n\n\n<li>Emanuele Ghedini, University of Bologna<\/li>\n\n\n\n<li>Patrick Lambrix, Link\u00f6ping University<\/li>\n\n\n\n<li>Roberto Confalonieri, University of Padua<\/li>\n\n\n\n<li>Fernanda Bai\u00e3o, PUC-Rio<\/li>\n\n\n\n<li>Yu Lin, NIH<\/li>\n\n\n\n<li>Shirly Stephen, University of California at Santa Barbara<\/li>\n\n\n\n<li>Robert Hoehndorf, King Abdullah University of Science and Technology<\/li>\n\n\n\n<li>Heinrich Herre, Institute of Medical Informatics, Statistics and Epidemiology, University of Leipzig<\/li>\n\n\n\n<li>Fernanda Farinelli, University of Bras\u00edlia (UnB) &#8211; Brasil<\/li>\n\n\n\n<li>Joel Carbonera, UFRGS<\/li>\n\n\n\n<li>Renata Guizzardi, University of Twente<\/li>\n\n\n\n<li>Mathias Brochhausen, University of Arkansas for Medical Sciences<\/li>\n\n\n\n<li>J. Neil Otte, Johns Hopkins University<\/li>\n\n\n\n<li><\/li>\n<\/ul>\n\n\n\n<p><strong>Local Organization<\/strong><\/p>\n\n\n\n<ul class=\"wp-block-list\">\n<li>Emilio M. Sanfilippo, CNR ISTC Lab. for Applied Ontology, Italy<\/li>\n\n\n\n<li>Marianna Nicolosi Asmundo, University of Catania, Italy<\/li>\n\n\n\n<li>Marco Mazzone, University of Catania, Italy<\/li>\n\n\n\n<li>Domenico Cantone, University of Catania, Italy<\/li>\n\n\n\n<li>Fabio Longo, ISTC-CNR, Italy<\/li>\n\n\n\n<li>Luana Bulla, University of Catania, Italy<\/li>\n\n\n\n<li>Marta Vilardo, University of Milan, Italy<\/li>\n\n\n\n<li>Gabriele Tuccio, University of Catania, Italy<\/li>\n\n\n\n<li>Giusy Tuccari, University of Catania, Italy<\/li>\n\n\n\n<li>Giuseppe Arena, University of Catania, Italy<\/li>\n\n\n\n<li>Misael Mongiov\u00ec, University of Catania, Italy<\/li>\n\n\n\n<li>Erika Pennisi, University of Catania, Italy<\/li>\n\n\n\n<li>Carmela De Felice, University of Catania, Italy<\/li>\n\n\n\n<li>Natasha Fragal\u00e0,&nbsp; University of Catania, Italy<\/li>\n\n\n\n<li>Giorgia Leanza, University of Catania, Italy<\/li>\n\n\n\n<li>Mirko Giuseppe Mangano, University of Catania, Italy<\/li>\n\n\n\n<li>Andrea Coco, University of Catania, Italy<\/li>\n\n\n\n<li>Daniele F. Santamaria, University of Catania, Italy<\/li>\n\n\n\n<li>Cristiano Longo, University of Catania, Italy<\/li>\n\n\n\n<li>Selenia Anastasi, University of Rome La Sapienza, Italy<\/li>\n\n\n\n<li>Giovanni Camardi, University of Catania, Italy<\/li>\n\n\n\n<li>Francesco Recupero, University of Catania, Italy<\/li>\n\n\n\n<li>Matilde Bevilacqua, University of Catania, Italy<\/li>\n\n\n\n<li>Daria Spampinato, CNR ISTC, Italy<\/li>\n<\/ul>\n","protected":false},"excerpt":{"rendered":"<p>General Chair Program Chair Local Chair JOWO Chair Online Chair Fair Chair Ontology Showcase Chair Poster &amp; Demonstration Chair Early [&hellip;]<\/p>\n","protected":false},"author":1,"featured_media":0,"parent":0,"menu_order":0,"comment_status":"closed","ping_status":"closed","template":"","meta":{"site-sidebar-layout":"default","site-content-layout":"","ast-site-content-layout":"","site-content-style":"default","site-sidebar-style":"default","ast-global-header-display":"","ast-banner-title-visibility":"","ast-main-header-display":"","ast-hfb-above-header-display":"","ast-hfb-below-header-display":"","ast-hfb-mobile-header-display":"","site-post-title":"","ast-breadcrumbs-content":"","ast-featured-img":"","footer-sml-layout":"","theme-transparent-header-meta":"","adv-header-id-meta":"","stick-header-meta":"","header-above-stick-meta":"","header-main-stick-meta":"","header-below-stick-meta":"","astra-migrate-meta-layouts":"default","ast-page-background-enabled":"default","ast-page-background-meta":{"desktop":{"background-color":"var(--ast-global-color-4)","background-image":"","background-repeat":"repeat","background-position":"center center","background-size":"auto","background-attachment":"scroll","background-type":"","background-media":"","overlay-type":"","overlay-color":"","overlay-opacity":"","overlay-gradient":""},"tablet":{"background-color":"","background-image":"","background-repeat":"repeat","background-position":"center center","background-size":"auto","background-attachment":"scroll","background-type":"","background-media":"","overlay-type":"","overlay-color":"","overlay-opacity":"","overlay-gradient":""},"mobile":{"background-color":"","background-image":"","background-repeat":"repeat","background-position":"center center","background-size":"auto","background-attachment":"scroll","background-type":"","background-media":"","overlay-type":"","overlay-color":"","overlay-opacity":"","overlay-gradient":""}},"ast-content-background-meta":{"desktop":{"background-color":"var(--ast-global-color-5)","background-image":"","background-repeat":"repeat","background-position":"center center","background-size":"auto","background-attachment":"scroll","background-type":"","background-media":"","overlay-type":"","overlay-color":"","overlay-opacity":"","overlay-gradient":""},"tablet":{"background-color":"var(--ast-global-color-5)","background-image":"","background-repeat":"repeat","background-position":"center center","background-size":"auto","background-attachment":"scroll","background-type":"","background-media":"","overlay-type":"","overlay-color":"","overlay-opacity":"","overlay-gradient":""},"mobile":{"background-color":"var(--ast-global-color-5)","background-image":"","background-repeat":"repeat","background-position":"center center","background-size":"auto","background-attachment":"scroll","background-type":"","background-media":"","overlay-type":"","overlay-color":"","overlay-opacity":"","overlay-gradient":""}},"footnotes":""},"class_list":["post-32","page","type-page","status-publish","hentry"],"_links":{"self":[{"href":"https:\/\/www.dmi.unict.it\/fois2025\/index.php?rest_route=\/wp\/v2\/pages\/32"}],"collection":[{"href":"https:\/\/www.dmi.unict.it\/fois2025\/index.php?rest_route=\/wp\/v2\/pages"}],"about":[{"href":"https:\/\/www.dmi.unict.it\/fois2025\/index.php?rest_route=\/wp\/v2\/types\/page"}],"author":[{"embeddable":true,"href":"https:\/\/www.dmi.unict.it\/fois2025\/index.php?rest_route=\/wp\/v2\/users\/1"}],"replies":[{"embeddable":true,"href":"https:\/\/www.dmi.unict.it\/fois2025\/index.php?rest_route=%2Fwp%2Fv2%2Fcomments&post=32"}],"version-history":[{"count":36,"href":"https:\/\/www.dmi.unict.it\/fois2025\/index.php?rest_route=\/wp\/v2\/pages\/32\/revisions"}],"predecessor-version":[{"id":1176,"href":"https:\/\/www.dmi.unict.it\/fois2025\/index.php?rest_route=\/wp\/v2\/pages\/32\/revisions\/1176"}],"wp:attachment":[{"href":"https:\/\/www.dmi.unict.it\/fois2025\/index.php?rest_route=%2Fwp%2Fv2%2Fmedia&parent=32"}],"curies":[{"name":"wp","href":"https:\/\/api.w.org\/{rel}","templated":true}]}}